{"id":43,"date":"2014-12-03T20:37:08","date_gmt":"2014-12-03T20:37:08","guid":{"rendered":"http:\/\/www.landaproducciones.com\/working\/?page_id=43"},"modified":"2022-01-10T19:15:32","modified_gmt":"2022-01-10T19:15:32","slug":"about-us","status":"publish","type":"page","link":"https:\/\/www.landaproducciones.com\/portfolio\/about-us\/","title":{"rendered":"About Us"},"content":{"rendered":"\n<div class=\"lang\"><a class=\"changeen activadito\">ENGLISH<\/a> \/ <a class=\"changees\">ESPA\u00d1OL<\/a><\/div>\n<style>\n.activadito{\nfont-weight:bold;\n}\n<\/style>\n\n\n\n<div class=\"en\">\n<p class=\"arribap\">LANDA is a global event production agency. Specialized in logistic &amp; production strategic trends and fashion, that provides its clients a full range of services thanks to its diversification of areas and team.<\/p>\n<p class=\"arribap\">Strategies and events developed by LANDA are cutting edge trends, oriented and distinguished by its originality and niche objectives.<\/p>\n<p class=\"arribap\">Since 2005, LANDA\u2019s strength relies in profound knowledge and know-how in both international and domestic productions. LANDA covers areas like advertising, interior design, promotion, d\u00e9cor, logistics, fashion coordination and art direction.<\/p>\n<\/div>\n\n\n\n<div class=\"es\" style=\"display: none;\">\n<p class=\"arribap\">LANDA es una Agencia Integral de producci\u00f3n de eventos especializada en el sector de direcci\u00f3n de arte, moda, tendencias, estrategias, log\u00edstica y producci\u00f3n, ofreciendo a sus clientes un servicio integral gracias a la diversificaci\u00f3n de sus \u00e1reas, as\u00ed como el equipo de personas que le conforman.<\/p>\n<p class=\"arribap\">Los conceptos y estrategias para eventos desarrollados por LANDA se distinguen por su originalidad y su orientaci\u00f3n a tendencias vanguardistas hacia la marca y el grupo objeto que va dirigido.<\/p>\n<p class=\"arribap\">Desde 2005, la fuerza de LANDA radica en el profundo conocimiento y la especializaci\u00f3n de nuestras actividades en el \u00e1mbito nacional e internacional, abarcando las \u00e1reas de publicidad, interiorismo, promoci\u00f3n, decoraci\u00f3n, log\u00edstica, coordinaci\u00f3n de moda y direcci\u00f3n de arte, llevando esta experiencia a la creaci\u00f3n y desarrollo de diferentes tipos de eventos, como corporativos, gubernamentales, moda y sociales.<\/p>\n<\/div>\n\n\n\n\n<script>\nconsole.log(\"X\")\n\nesb = document.querySelector(\".changees\")\nenb = document.querySelector(\".changeen\")\nest = document.querySelector(\".es\")\nent = document.querySelector(\".en\")\n\nesb.onclick = function () {\n\n  ent.style.display = 'none'\n  est.style.display = 'block'\n  enb.classList.remove('activadito')\n  esb.classList.add('activadito')\n}\n\nenb.onclick = function () {\n  ent.style.display = 'block'\n  est.style.display = 'none'\n  esb.classList.remove('activadito')\n  enb.classList.add('activadito')\n}\n<\/script>\n\n\n\n<figure class=\"wp-block-image\"><img decoding=\"async\" src=\"http:\/\/www.landaproducciones.com\/portfolio\/wp-content\/uploads\/langalogbig.png\" alt=\"\"\/><\/figure>\n\n\n\n<div class=\"fondopic\"><\/div>\n","protected":false},"excerpt":{"rendered":"<p>ENGLISH \/ ESPA\u00d1OL LANDA is a global event production agency. Specialized in logistic &amp; production strategic trends and fashion, that provides its clients a full range of services thanks to its diversification of areas and team. Strategies and events developed by LANDA are cutting edge trends, oriented and distinguished by its originality and niche objectives.\u2026<\/p>\n","protected":false},"author":1,"featured_media":0,"parent":0,"menu_order":0,"comment_status":"open","ping_status":"open","template":"template-about.php","meta":{"footnotes":""},"class_list":["post-43","page","type-page","status-publish","hentry"],"_links":{"self":[{"href":"https:\/\/www.landaproducciones.com\/portfolio\/wp-json\/wp\/v2\/pages\/43","targetHints":{"allow":["GET"]}}],"collection":[{"href":"https:\/\/www.landaproducciones.com\/portfolio\/wp-json\/wp\/v2\/pages"}],"about":[{"href":"https:\/\/www.landaproducciones.com\/portfolio\/wp-json\/wp\/v2\/types\/page"}],"author":[{"embeddable":true,"href":"https:\/\/www.landaproducciones.com\/portfolio\/wp-json\/wp\/v2\/users\/1"}],"replies":[{"embeddable":true,"href":"https:\/\/www.landaproducciones.com\/portfolio\/wp-json\/wp\/v2\/comments?post=43"}],"version-history":[{"count":80,"href":"https:\/\/www.landaproducciones.com\/portfolio\/wp-json\/wp\/v2\/pages\/43\/revisions"}],"predecessor-version":[{"id":7490,"href":"https:\/\/www.landaproducciones.com\/portfolio\/wp-json\/wp\/v2\/pages\/43\/revisions\/7490"}],"wp:attachment":[{"href":"https:\/\/www.landaproducciones.com\/portfolio\/wp-json\/wp\/v2\/media?parent=43"}],"curies":[{"name":"wp","href":"https:\/\/api.w.org\/{rel}","templated":true}]}}